{"id":49,"date":"2021-12-02T15:52:48","date_gmt":"2021-12-02T21:52:48","guid":{"rendered":"https:\/\/emeraldcoastinsurance.net\/?page_id=49"},"modified":"2024-09-09T17:31:50","modified_gmt":"2024-09-09T22:31:50","slug":"about","status":"publish","type":"page","link":"https:\/\/emeraldcoastinsurance.net\/es\/about\/","title":{"rendered":"Acerca de ICE"},"content":{"rendered":"<p class=\"has-black-color has-light-gray-background-color has-text-color has-background has-large-font-size\"><em>Emerald Coast Insurance Agency (ECI) es una agencia local e independiente que atiende las necesidades de individuos, familias y empresas en la Costa Esmeralda del noroeste de Florida.<\/em><\/p>\n\n\n\n<div class=\"wp-block-columns is-style-wide is-layout-flex wp-container-core-columns-is-layout-9d6595d7 wp-block-columns-is-layout-flex\">\n<div class=\"wp-block-column is-layout-flow wp-block-column-is-layout-flow\">\n<p>En ECI solo trabajamos con las mejores compa\u00f1\u00edas de seguros para brindarle la cobertura que necesita a las tarifas m\u00e1s competitivas y primas asequibles.<\/p>\n\n\n\n<p>Con m\u00e1s de 60 a\u00f1os de experiencia combinada brindando todo tipo de productos de seguros, le brindamos a usted y a sus seres queridos la protecci\u00f3n que merecen en el futuro. ECI tiene todo lo que necesita para que su vida personal y empresarial sea lo m\u00e1s fluida posible. Ofrecemos seguros para hogares, autom\u00f3viles, embarcaciones, veh\u00edculos recreativos, responsabilidad general y compensaci\u00f3n laboral.<\/p>\n\n\n\n<p>Emerald Coast Insurance Agency asegura a sus clientes un servicio personalizado y amigable. Vamos m\u00e1s all\u00e1 de lo que hacen otras agencias de seguros porque trabajamos directamente con nuestras compa\u00f1\u00edas asociadas A+ en la suscripci\u00f3n para usted. Esto le proporciona mejores tarifas m\u00e1s apropiadas para sus necesidades.<\/p>\n<\/div>\n\n\n\n<div class=\"wp-block-column is-layout-flow wp-block-column-is-layout-flow\">\n<p>Ahora que sabe qui\u00e9nes somos en ECI, no dude en comunicarse con nosotros a su conveniencia, en cualquier momento. Nuestro amable personal estar\u00e1 encantado de ayudarle. Navega por nuestra p\u00e1gina de servicios y conoce cada uno de los productos de seguros que ofrecemos. Tambi\u00e9n puede solicitar una cotizaci\u00f3n para su requisito de seguro espec\u00edfico.<\/p>\n\n\n\n<p>Si desea visitarnos, la oficina de la Agencia de Seguros Emerald Coast est\u00e1 ubicada en 103 Hollywood Boulevard, Suite C, Fort Walton Beach en Florida. usted ser\u00e1 feliz de haberlo hecho.<\/p>\n<\/div>\n<\/div>\n\n\n\n<div class=\"wp-block-media-text alignwide has-media-on-the-right is-stacked-on-mobile is-vertically-aligned-center has-light-gray-background-color has-background\" style=\"grid-template-columns:auto 33%\"><div class=\"wp-block-media-text__content\">\n<h2 class=\"wp-block-heading\" id=\"in-memory-of-gordon-kimbrell\">En Memoria De Gordon Kimbrell<\/h2>\n\n\n\n<p>Gordon Kimbrell fund\u00f3 Emerald Coast Insurance Agency en 2007 despu\u00e9s de servir con orgullo en el Cuerpo de Marines de los Estados Unidos. En los primeros a\u00f1os, Gordon trabaj\u00f3 muy duro para poner en marcha ECI, constantemente motivado y agradecido por tener los medios para ayudar a las personas de su comunidad a encontrar un seguro asequible. A trav\u00e9s de su arduo trabajo, la Agencia de Seguros de la Costa Esmeralda se convirti\u00f3 en un negocio exitoso y finalmente pudo contratar a personas valiosas para ayudar a que funcionara sin problemas.<\/p>\n\n\n\n<p>Desafortunadamente, el 12 de febrero de 2021, Gordon falleci\u00f3 despu\u00e9s de una batalla de cinco a\u00f1os contra el c\u00e1ncer. Emerald Coast Insurance Agency fue uno de sus mayores logros y estaba muy orgulloso del negocio y del personal. Siempre ser\u00e1 recordado como una persona incre\u00edble, hombre de familia, amigo y due\u00f1o de un negocio. Nos sentimos honrados de haberlo conocido.<\/p>\n<\/div><figure class=\"wp-block-media-text__media\"><img decoding=\"async\" width=\"683\" height=\"1024\" src=\"https:\/\/emeraldcoastinsurance.net\/wp-content\/uploads\/2022\/02\/Gordon-683x1024.jpg\" alt=\"In Memory of Gordon Kimbrell, founder of ECI\" class=\"wp-image-275 size-full\" srcset=\"https:\/\/emeraldcoastinsurance.net\/wp-content\/uploads\/2022\/02\/Gordon-683x1024.jpg 683w, https:\/\/emeraldcoastinsurance.net\/wp-content\/uploads\/2022\/02\/Gordon-341x512.jpg 341w, https:\/\/emeraldcoastinsurance.net\/wp-content\/uploads\/2022\/02\/Gordon-768x1152.jpg 768w, https:\/\/emeraldcoastinsurance.net\/wp-content\/uploads\/2022\/02\/Gordon-1024x1536.jpg 1024w, https:\/\/emeraldcoastinsurance.net\/wp-content\/uploads\/2022\/02\/Gordon-1365x2048.jpg 1365w, https:\/\/emeraldcoastinsurance.net\/wp-content\/uploads\/2022\/02\/Gordon-8x12.jpg 8w, https:\/\/emeraldcoastinsurance.net\/wp-content\/uploads\/2022\/02\/Gordon-320x480.jpg 320w, https:\/\/emeraldcoastinsurance.net\/wp-content\/uploads\/2022\/02\/Gordon-scaled.jpg 1707w\" sizes=\"(max-width: 683px) 100vw, 683px\" \/><\/figure><\/div>\n\n\n\n<h2 class=\"wp-block-heading has-text-align-center has-huge-font-size\" id=\"our-staff\">Conozca a algunos miembros de nuestro personal en ECI<\/h2>\n\n\n<div  id=\"post_49-block_9bdb4b39e3321d61667c2e76e1b26d91\" class=\"wp-block-profiles ogre-block-profiles\">\n    \n<div  id=\"post_49-block_ffb9ac92eca13893ab6eb80f27097293\" class=\"wp-block-profile ogre-block-profile\"><figure class=\"wp-block-image size-large wp-block-profile__image has-image\"><img decoding=\"async\" alt=\"Rachel Rassa Agency Owner and Insurance Agent at Emerald Coast Insurance Agency\" title=\"Rachel Rassa Propietaria de la agencia y agente de seguros en Emerald Coast Insurance Agency\" src=\"https:\/\/emeraldcoastinsurance.net\/wp-content\/uploads\/2023\/10\/Rachel.png\" width=\"1000\" height=\"1000\" srcset=\"https:\/\/emeraldcoastinsurance.net\/wp-content\/uploads\/2023\/10\/Rachel.png 1000w, https:\/\/emeraldcoastinsurance.net\/wp-content\/uploads\/2023\/10\/Rachel-512x512.png 512w, https:\/\/emeraldcoastinsurance.net\/wp-content\/uploads\/2023\/10\/Rachel-256x256.png 256w, https:\/\/emeraldcoastinsurance.net\/wp-content\/uploads\/2023\/10\/Rachel-768x768.png 768w, https:\/\/emeraldcoastinsurance.net\/wp-content\/uploads\/2023\/10\/Rachel-12x12.png 12w, https:\/\/emeraldcoastinsurance.net\/wp-content\/uploads\/2023\/10\/Rachel-320x320.png 320w\" sizes=\"(max-width: 1000px) 100vw, 1000px\" \/><\/figure><h3 class=\"has-text-align-center wp-block-profile__name\">Raquel Rassa<\/h3><p class=\"has-text-align-center has-normal-font-size wp-block-profile__title\">Propietario de la agencia<\/p><div class=\"wp-block-profile__description\">\n\n<p>Especializados en seguros para propietarios de viviendas, seguros para inquilinos, seguros contra inundaciones, seguros generales y responsabilidad general.<\/p>\n\n<\/div><div class=\"wp-block-menu has-text-align-center is-style-social wp-block-profile__links\"><ul class=\"menu\"><li class=\"menu-item has-icon email wp-block-profile__email\"><a href=\"mailto:http:\/\/rachel@ecins.net\" title=\"Env\u00ede un correo electr\u00f3nico a Raquel Rassa\">rachel@ecins.net<\/a><\/li><\/ul><\/div><\/div>\n\n\n<div  id=\"post_49-block_79dac21f77b11dc89ff6b6f306c8499f\" class=\"wp-block-profile ogre-block-profile\"><figure class=\"wp-block-image size-large wp-block-profile__image has-image\"><img decoding=\"async\" alt=\"Stephanie Alarcon Manager and Customer Service Representative at Emerald Coast Insurance Agency\" title=\"Stephanie Alarcon Gerente y Representante de Servicio al Cliente en Emerald Coast Insurance Agency\" src=\"https:\/\/emeraldcoastinsurance.net\/wp-content\/uploads\/2022\/02\/EmeraldCoastInsurance-13.jpg\" width=\"1000\" height=\"1000\" srcset=\"https:\/\/emeraldcoastinsurance.net\/wp-content\/uploads\/2022\/02\/EmeraldCoastInsurance-13.jpg 1000w, https:\/\/emeraldcoastinsurance.net\/wp-content\/uploads\/2022\/02\/EmeraldCoastInsurance-13-512x512.jpg 512w, https:\/\/emeraldcoastinsurance.net\/wp-content\/uploads\/2022\/02\/EmeraldCoastInsurance-13-256x256.jpg 256w, https:\/\/emeraldcoastinsurance.net\/wp-content\/uploads\/2022\/02\/EmeraldCoastInsurance-13-768x768.jpg 768w, https:\/\/emeraldcoastinsurance.net\/wp-content\/uploads\/2022\/02\/EmeraldCoastInsurance-13-12x12.jpg 12w, https:\/\/emeraldcoastinsurance.net\/wp-content\/uploads\/2022\/02\/EmeraldCoastInsurance-13-320x320.jpg 320w\" sizes=\"(max-width: 1000px) 100vw, 1000px\" \/><\/figure><h3 class=\"has-text-align-center wp-block-profile__name\">Stephanie Alarc\u00f3n<\/h3><p class=\"has-text-align-center has-normal-font-size wp-block-profile__title\">Gerente, Hablo Espa\u00f1ol<\/p><div class=\"wp-block-profile__description\">\n\n<p>Especializados en seguros de propietarios de viviendas, seguros contra inundaciones, seguros de autom\u00f3viles, seguros de responsabilidad civil general y seguros generales.<\/p>\n\n<\/div><div class=\"wp-block-menu has-text-align-center is-style-social wp-block-profile__links\"><ul class=\"menu\"><li class=\"menu-item has-icon email wp-block-profile__email\"><a href=\"mailto:http:\/\/stephanie@ecins.net\" title=\"Enviar un correo electr\u00f3nico a Stephanie Alarc\u00f3n\">stephanie@ecins.net<\/a><\/li><\/ul><\/div><\/div>\n\n\n<\/div>","protected":false},"excerpt":{"rendered":"<p>Emerald Coast Insurance Agency (ECI) es una agencia local e independiente que atiende las necesidades de personas, familias y empresas en la Costa Esmeralda del noroeste de Florida. En ECI solo trabajamos con las mejores compa\u00f1\u00edas de seguros para brindarle la cobertura que necesita a las tarifas m\u00e1s competitivas y primas asequibles. Con m\u00e1s de 60\u2026<\/p>","protected":false},"author":2,"featured_media":888,"parent":0,"menu_order":0,"comment_status":"closed","ping_status":"closed","template":"","meta":{"_acf_changed":false,"_monsterinsights_skip_tracking":false,"_monsterinsights_sitenote_active":false,"_monsterinsights_sitenote_note":"","_monsterinsights_sitenote_category":0,"page_subtitle":"Learn more about our agency","footnotes":""},"class_list":["post-49","page","type-page","status-publish","has-post-thumbnail","hentry"],"acf":[],"yoast_head":"<!-- This site is optimized with the Yoast SEO plugin v27.4 - https:\/\/yoast.com\/product\/yoast-seo-wordpress\/ -->\n<title>About ECI | Emerald Coast Insurance Agency<\/title>\n<meta name=\"description\" content=\"ECI is an independent insurance agency offering affordable rates on home, auto, liability, and flood insurance.\" \/>\n<meta name=\"robots\" content=\"index, follow, max-snippet:-1, max-image-preview:large, max-video-preview:-1\" \/>\n<link rel=\"canonical\" href=\"https:\/\/emeraldcoastinsurance.net\/es\/about\/\" \/>\n<meta property=\"og:locale\" content=\"es_MX\" \/>\n<meta property=\"og:type\" content=\"article\" \/>\n<meta property=\"og:title\" content=\"About ECI | Emerald Coast Insurance Agency\" \/>\n<meta property=\"og:description\" content=\"ECI is an independent insurance agency offering affordable rates on home, auto, liability, and flood insurance.\" \/>\n<meta property=\"og:url\" content=\"https:\/\/emeraldcoastinsurance.net\/es\/about\/\" \/>\n<meta property=\"og:site_name\" content=\"Emerald Coast Insurance Agency\" \/>\n<meta property=\"article:publisher\" content=\"https:\/\/www.facebook.com\/fwbeci\" \/>\n<meta property=\"article:modified_time\" content=\"2024-09-09T22:31:50+00:00\" \/>\n<meta property=\"og:image\" content=\"https:\/\/emeraldcoastinsurance.net\/wp-content\/uploads\/2023\/12\/ECI-GROUP-SHOT-scaled.jpg\" \/>\n\t<meta property=\"og:image:width\" content=\"2560\" \/>\n\t<meta property=\"og:image:height\" content=\"1707\" \/>\n\t<meta property=\"og:image:type\" content=\"image\/jpeg\" \/>\n<meta name=\"twitter:card\" content=\"summary_large_image\" \/>\n<meta name=\"twitter:label1\" content=\"Tiempo de lectura\" \/>\n\t<meta name=\"twitter:data1\" content=\"3 minutos\" \/>\n<!-- \/ Yoast SEO plugin. -->","yoast_head_json":{"title":"Acerca de ECI | Agencia de Seguros Emerald Coast","description":"ECI es una agencia de seguros independiente que ofrece tarifas asequibles en seguros de hogar, autom\u00f3vil, responsabilidad civil e inundaciones.","robots":{"index":"index","follow":"follow","max-snippet":"max-snippet:-1","max-image-preview":"max-image-preview:large","max-video-preview":"max-video-preview:-1"},"canonical":"https:\/\/emeraldcoastinsurance.net\/es\/about\/","og_locale":"es_MX","og_type":"article","og_title":"About ECI | Emerald Coast Insurance Agency","og_description":"ECI is an independent insurance agency offering affordable rates on home, auto, liability, and flood insurance.","og_url":"https:\/\/emeraldcoastinsurance.net\/es\/about\/","og_site_name":"Emerald Coast Insurance Agency","article_publisher":"https:\/\/www.facebook.com\/fwbeci","article_modified_time":"2024-09-09T22:31:50+00:00","og_image":[{"width":2560,"height":1707,"url":"https:\/\/emeraldcoastinsurance.net\/wp-content\/uploads\/2023\/12\/ECI-GROUP-SHOT-scaled.jpg","type":"image\/jpeg"}],"twitter_card":"summary_large_image","twitter_misc":{"Tiempo de lectura":"3 minutos"},"schema":{"@context":"https:\/\/schema.org","@graph":[{"@type":"WebPage","@id":"https:\/\/emeraldcoastinsurance.net\/about\/","url":"https:\/\/emeraldcoastinsurance.net\/about\/","name":"Acerca de ECI | Agencia de Seguros Emerald Coast","isPartOf":{"@id":"https:\/\/emeraldcoastinsurance.net\/#website"},"primaryImageOfPage":{"@id":"https:\/\/emeraldcoastinsurance.net\/about\/#primaryimage"},"image":{"@id":"https:\/\/emeraldcoastinsurance.net\/about\/#primaryimage"},"thumbnailUrl":"https:\/\/emeraldcoastinsurance.net\/wp-content\/uploads\/2023\/12\/ECI-GROUP-SHOT-scaled.jpg","datePublished":"2021-12-02T21:52:48+00:00","dateModified":"2024-09-09T22:31:50+00:00","description":"ECI es una agencia de seguros independiente que ofrece tarifas asequibles en seguros de hogar, autom\u00f3vil, responsabilidad civil e inundaciones.","breadcrumb":{"@id":"https:\/\/emeraldcoastinsurance.net\/about\/#breadcrumb"},"inLanguage":"es","potentialAction":[{"@type":"ReadAction","target":["https:\/\/emeraldcoastinsurance.net\/about\/"]}]},{"@type":"ImageObject","inLanguage":"es","@id":"https:\/\/emeraldcoastinsurance.net\/about\/#primaryimage","url":"https:\/\/emeraldcoastinsurance.net\/wp-content\/uploads\/2023\/12\/ECI-GROUP-SHOT-scaled.jpg","contentUrl":"https:\/\/emeraldcoastinsurance.net\/wp-content\/uploads\/2023\/12\/ECI-GROUP-SHOT-scaled.jpg","width":2560,"height":1707,"caption":"Emerald Coast Insurance Staff group picture"},{"@type":"BreadcrumbList","@id":"https:\/\/emeraldcoastinsurance.net\/about\/#breadcrumb","itemListElement":[{"@type":"ListItem","position":1,"name":"Home","item":"https:\/\/emeraldcoastinsurance.net\/"},{"@type":"ListItem","position":2,"name":"About ECI"}]},{"@type":"WebSite","@id":"https:\/\/emeraldcoastinsurance.net\/#website","url":"https:\/\/emeraldcoastinsurance.net\/","name":"Agencia de Seguros Costa Esmeralda","description":"Independiente y de propiedad local","publisher":{"@id":"https:\/\/emeraldcoastinsurance.net\/#organization"},"potentialAction":[{"@type":"SearchAction","target":{"@type":"EntryPoint","urlTemplate":"https:\/\/emeraldcoastinsurance.net\/?s={search_term_string}"},"query-input":{"@type":"PropertyValueSpecification","valueRequired":true,"valueName":"search_term_string"}}],"inLanguage":"es"},{"@type":"Organization","@id":"https:\/\/emeraldcoastinsurance.net\/#organization","name":"Agencia de Seguros Costa Esmeralda","url":"https:\/\/emeraldcoastinsurance.net\/","logo":{"@type":"ImageObject","inLanguage":"es","@id":"https:\/\/emeraldcoastinsurance.net\/#\/schema\/logo\/image\/","url":"https:\/\/emeraldcoastinsurance.net\/wp-content\/uploads\/2022\/03\/Emerald-Coast-Insurance-Agency-logo-square.png","contentUrl":"https:\/\/emeraldcoastinsurance.net\/wp-content\/uploads\/2022\/03\/Emerald-Coast-Insurance-Agency-logo-square.png","width":2000,"height":2000,"caption":"Emerald Coast Insurance Agency"},"image":{"@id":"https:\/\/emeraldcoastinsurance.net\/#\/schema\/logo\/image\/"},"sameAs":["https:\/\/www.facebook.com\/fwbeci","https:\/\/www.instagram.com\/emerald_coast_ins_agency\/"]}]}},"_links":{"self":[{"href":"https:\/\/emeraldcoastinsurance.net\/es\/wp-json\/wp\/v2\/pages\/49","targetHints":{"allow":["GET"]}}],"collection":[{"href":"https:\/\/emeraldcoastinsurance.net\/es\/wp-json\/wp\/v2\/pages"}],"about":[{"href":"https:\/\/emeraldcoastinsurance.net\/es\/wp-json\/wp\/v2\/types\/page"}],"author":[{"embeddable":true,"href":"https:\/\/emeraldcoastinsurance.net\/es\/wp-json\/wp\/v2\/users\/2"}],"replies":[{"embeddable":true,"href":"https:\/\/emeraldcoastinsurance.net\/es\/wp-json\/wp\/v2\/comments?post=49"}],"version-history":[{"count":14,"href":"https:\/\/emeraldcoastinsurance.net\/es\/wp-json\/wp\/v2\/pages\/49\/revisions"}],"predecessor-version":[{"id":891,"href":"https:\/\/emeraldcoastinsurance.net\/es\/wp-json\/wp\/v2\/pages\/49\/revisions\/891"}],"wp:featuredmedia":[{"embeddable":true,"href":"https:\/\/emeraldcoastinsurance.net\/es\/wp-json\/wp\/v2\/media\/888"}],"wp:attachment":[{"href":"https:\/\/emeraldcoastinsurance.net\/es\/wp-json\/wp\/v2\/media?parent=49"}],"curies":[{"name":"wp","href":"https:\/\/api.w.org\/{rel}","templated":true}]}}