{"id":53,"date":"2021-12-02T15:53:19","date_gmt":"2021-12-02T21:53:19","guid":{"rendered":"https:\/\/emeraldcoastinsurance.net\/?page_id=53"},"modified":"2024-09-09T17:33:49","modified_gmt":"2024-09-09T22:33:49","slug":"services","status":"publish","type":"page","link":"https:\/\/emeraldcoastinsurance.net\/es\/services\/","title":{"rendered":"Servicios de seguros"},"content":{"rendered":"<p class=\"has-medium-font-size\">En la vida, los riesgos siempre est\u00e1n presentes, ya sea dentro de su hogar con su familia, afuera cuando est\u00e1 haciendo negocios, trabajando o conduciendo su autom\u00f3vil. Pero si ocurriera lo inesperado, usted y su familia pueden salvarse de problemas financieros con la protecci\u00f3n necesaria: los servicios de seguros.<\/p>\n\n\n\n<p class=\"has-medium-font-size\"><strong>Agencia de Seguros Costa Esmeralda<\/strong> tiene todas sus soluciones de seguros. Podemos brindarle la protecci\u00f3n necesaria a las tarifas y primas m\u00e1s preferidas porque nos asociamos con las compa\u00f1\u00edas de seguros mejor calificadas.<br><em>Le aseguramos las mejores tarifas para la p\u00f3liza de seguro adecuada a sus necesidades.<\/em><\/p>\n\n\n\n<div class=\"wp-block-columns alignwide break-md break-sm break-xs break-xxs is-layout-flex wp-container-core-columns-is-layout-9d6595d7 wp-block-columns-is-layout-flex\">\n<div class=\"wp-block-column has-black-color has-light-gray-background-color has-text-color has-background is-layout-flow wp-block-column-is-layout-flow\">\n<figure class=\"wp-block-image size-large has-ratio\" style=\"--ratio-width:7;--ratio-height:5;--ratio-focal-x:0.5;--ratio-focal-y:0.5;\"><img decoding=\"async\" width=\"1024\" height=\"686\" src=\"https:\/\/emeraldcoastinsurance.net\/wp-content\/uploads\/2021\/12\/mathieu-DRSI87t94kY-unsplash-1024x686.jpg\" alt=\"\" class=\"wp-image-112\" srcset=\"https:\/\/emeraldcoastinsurance.net\/wp-content\/uploads\/2021\/12\/mathieu-DRSI87t94kY-unsplash-1024x686.jpg 1024w, https:\/\/emeraldcoastinsurance.net\/wp-content\/uploads\/2021\/12\/mathieu-DRSI87t94kY-unsplash-512x343.jpg 512w, https:\/\/emeraldcoastinsurance.net\/wp-content\/uploads\/2021\/12\/mathieu-DRSI87t94kY-unsplash-768x514.jpg 768w, https:\/\/emeraldcoastinsurance.net\/wp-content\/uploads\/2021\/12\/mathieu-DRSI87t94kY-unsplash-1536x1028.jpg 1536w, https:\/\/emeraldcoastinsurance.net\/wp-content\/uploads\/2021\/12\/mathieu-DRSI87t94kY-unsplash-2048x1371.jpg 2048w, https:\/\/emeraldcoastinsurance.net\/wp-content\/uploads\/2021\/12\/mathieu-DRSI87t94kY-unsplash-18x12.jpg 18w, https:\/\/emeraldcoastinsurance.net\/wp-content\/uploads\/2021\/12\/mathieu-DRSI87t94kY-unsplash-320x214.jpg 320w\" sizes=\"(max-width: 1024px) 100vw, 1024px\" \/><\/figure>\n\n\n\n<h2 class=\"wp-block-heading\" id=\"homeowners-insurance\">Seguro para propietarios de casas<\/h2>\n\n\n\n<p>Una casa es una de nuestras posesiones m\u00e1s preciadas en la vida. Es donde nos reconfortamos despu\u00e9s de un d\u00eda ajetreado y compartimos la compa\u00f1\u00eda de nuestros seres queridos. Hacemos todo lo posible para embellecer nuestro hogar y convertirlo en un lugar acogedor para vivir con nuestra familia durante muchos a\u00f1os. Y debido a que esta es una inversi\u00f3n muy importante, siempre debemos protegerla de los ladrones y otros peligros.<\/p>\n\n\n\n<p>Emerald Coast Insurance Agency puede ayudarlo a encontrar el seguro de vivienda adecuado para su residencia. Sabemos cu\u00e1nto valora su hogar y queremos ayudarlo a convertirlo en un lugar seguro para usted y su familia. Con las mejores compa\u00f1\u00edas de seguros como nuestros socios, podemos brindar protecci\u00f3n para su hogar y posesiones personales valiosas en caso de incendios, inundaciones, robo u otros da\u00f1os.<\/p>\n\n\n\n<div class=\"wp-block-buttons is-layout-flex wp-block-buttons-is-layout-flex\">\n<div class=\"wp-block-button\"><a class=\"wp-block-button__link\" href=\"https:\/\/emeraldcoastinsurance.net\/es\/home\/\">Consigue una cotizaci\u00f3n<\/a><\/div>\n<\/div>\n<\/div>\n\n\n\n<div class=\"wp-block-column has-black-color has-white-background-color has-text-color has-background is-layout-flow wp-block-column-is-layout-flow\">\n<figure class=\"wp-block-image size-large has-ratio\" style=\"--ratio-width:7;--ratio-height:5;--ratio-focal-x:0.5;--ratio-focal-y:0.5;\"><img decoding=\"async\" width=\"1024\" height=\"683\" src=\"https:\/\/emeraldcoastinsurance.net\/wp-content\/uploads\/2021\/12\/mick-haupt-XTZHvQ9MUKI-unsplash-1024x683.jpg\" alt=\"\" class=\"wp-image-113\" srcset=\"https:\/\/emeraldcoastinsurance.net\/wp-content\/uploads\/2021\/12\/mick-haupt-XTZHvQ9MUKI-unsplash-1024x683.jpg 1024w, https:\/\/emeraldcoastinsurance.net\/wp-content\/uploads\/2021\/12\/mick-haupt-XTZHvQ9MUKI-unsplash-512x341.jpg 512w, https:\/\/emeraldcoastinsurance.net\/wp-content\/uploads\/2021\/12\/mick-haupt-XTZHvQ9MUKI-unsplash-768x512.jpg 768w, https:\/\/emeraldcoastinsurance.net\/wp-content\/uploads\/2021\/12\/mick-haupt-XTZHvQ9MUKI-unsplash-1536x1024.jpg 1536w, https:\/\/emeraldcoastinsurance.net\/wp-content\/uploads\/2021\/12\/mick-haupt-XTZHvQ9MUKI-unsplash-2048x1365.jpg 2048w, https:\/\/emeraldcoastinsurance.net\/wp-content\/uploads\/2021\/12\/mick-haupt-XTZHvQ9MUKI-unsplash-18x12.jpg 18w, https:\/\/emeraldcoastinsurance.net\/wp-content\/uploads\/2021\/12\/mick-haupt-XTZHvQ9MUKI-unsplash-320x213.jpg 320w\" sizes=\"(max-width: 1024px) 100vw, 1024px\" \/><\/figure>\n\n\n\n<h2 class=\"wp-block-heading\" id=\"auto-insurance\">Seguro de auto<\/h2>\n\n\n\n<p>Obtener un seguro de autom\u00f3vil es imprescindible para todos los que poseen y conducen un autom\u00f3vil. Esto deber\u00eda ser una consideraci\u00f3n importante incluso antes de comprar un veh\u00edculo nuevo. Esta p\u00f3liza de seguro de auto te proteger\u00e1 a ti y a tu familia en tiempos de accidentes de tr\u00e1nsito y otras situaciones.<\/p>\n\n\n\n<p>Si tiene un negocio que implica el transporte de grandes vol\u00famenes de mercanc\u00edas y equipos pesados, tambi\u00e9n necesita cobertura de seguro para sus camiones. Los camiones grandes a menudo est\u00e1n involucrados en accidentes de tr\u00e1fico que afectan a veh\u00edculos m\u00e1s peque\u00f1os, pero con cobertura de seguro, estar\u00e1 protegido contra grandes p\u00e9rdidas.<\/p>\n\n\n\n<p>Emerald Coast Insurance Agency ofrece diferentes p\u00f3lizas para autom\u00f3viles y otros veh\u00edculos, incluida la protecci\u00f3n contra robo y da\u00f1os causados por incendios y accidentes. Nuestro seguro cubre no solo al asegurado y su veh\u00edculo sino tambi\u00e9n a terceros.<\/p>\n\n\n\n<div class=\"wp-block-buttons is-layout-flex wp-block-buttons-is-layout-flex\">\n<div class=\"wp-block-button\"><a class=\"wp-block-button__link\" href=\"https:\/\/emeraldcoastinsurance.net\/es\/auto\/\">Consigue una cotizaci\u00f3n<\/a><\/div>\n<\/div>\n<\/div>\n\n\n\n<div class=\"wp-block-column has-black-color has-light-gray-background-color has-text-color has-background is-layout-flow wp-block-column-is-layout-flow\">\n<figure class=\"wp-block-image size-large has-ratio\" style=\"--ratio-width:7;--ratio-height:5;--ratio-focal-x:0.5;--ratio-focal-y:0.5;\"><img decoding=\"async\" width=\"1024\" height=\"1024\" src=\"https:\/\/emeraldcoastinsurance.net\/wp-content\/uploads\/2022\/02\/anita-denunzio-1TIiE-y30nE-unsplash-1024x1024.jpg\" alt=\"\" class=\"wp-image-281\" srcset=\"https:\/\/emeraldcoastinsurance.net\/wp-content\/uploads\/2022\/02\/anita-denunzio-1TIiE-y30nE-unsplash-1024x1024.jpg 1024w, https:\/\/emeraldcoastinsurance.net\/wp-content\/uploads\/2022\/02\/anita-denunzio-1TIiE-y30nE-unsplash-512x512.jpg 512w, https:\/\/emeraldcoastinsurance.net\/wp-content\/uploads\/2022\/02\/anita-denunzio-1TIiE-y30nE-unsplash-256x256.jpg 256w, https:\/\/emeraldcoastinsurance.net\/wp-content\/uploads\/2022\/02\/anita-denunzio-1TIiE-y30nE-unsplash-768x768.jpg 768w, https:\/\/emeraldcoastinsurance.net\/wp-content\/uploads\/2022\/02\/anita-denunzio-1TIiE-y30nE-unsplash-1536x1536.jpg 1536w, https:\/\/emeraldcoastinsurance.net\/wp-content\/uploads\/2022\/02\/anita-denunzio-1TIiE-y30nE-unsplash-2048x2048.jpg 2048w, https:\/\/emeraldcoastinsurance.net\/wp-content\/uploads\/2022\/02\/anita-denunzio-1TIiE-y30nE-unsplash-12x12.jpg 12w, https:\/\/emeraldcoastinsurance.net\/wp-content\/uploads\/2022\/02\/anita-denunzio-1TIiE-y30nE-unsplash-320x320.jpg 320w\" sizes=\"(max-width: 1024px) 100vw, 1024px\" \/><\/figure>\n\n\n\n<h2 class=\"wp-block-heading\" id=\"boat-insurance\">Seguro de Embarcaciones<\/h2>\n\n\n\n<p>Emerald Coast Insurance Agency sabe cu\u00e1nto valoras tus pertenencias personales. Es por eso que estamos aqu\u00ed para ayudarlo a encontrar las tarifas m\u00e1s asequibles para su seguro de bote, yate, embarcaci\u00f3n personal o PWC. Ofrecemos diferentes p\u00f3lizas de cobertura adecuadas a sus necesidades.<\/p>\n\n\n\n<p>Entendemos que estar en el \u00e1rea de la Costa Esmeralda lo atrae a varias actividades y aventuras relacionadas con el agua. Si compra su propio barco de pesca, lancha r\u00e1pida, yate o moto acu\u00e1tica, Emerald Coast Insurance Agency puede ayudarlo a encontrar el mejor seguro para estas inversiones personales.<\/p>\n\n\n\n<div class=\"wp-block-buttons is-layout-flex wp-block-buttons-is-layout-flex\">\n<div class=\"wp-block-button\"><a class=\"wp-block-button__link\" href=\"https:\/\/emeraldcoastinsurance.net\/es\/auto\/\">Consigue una cotizaci\u00f3n<\/a><\/div>\n<\/div>\n<\/div>\n<\/div>\n\n\n\n<div class=\"wp-block-columns alignwide break-md break-sm break-xs break-xxs is-layout-flex wp-container-core-columns-is-layout-9d6595d7 wp-block-columns-is-layout-flex\">\n<div class=\"wp-block-column has-black-color has-light-gray-background-color has-text-color has-background is-layout-flow wp-block-column-is-layout-flow\">\n<figure class=\"wp-block-image size-large has-ratio\" style=\"--ratio-width:7;--ratio-height:5;--ratio-focal-x:0.5;--ratio-focal-y:0.5;\"><img decoding=\"async\" width=\"1024\" height=\"683\" src=\"https:\/\/emeraldcoastinsurance.net\/wp-content\/uploads\/2022\/02\/togo-rv-XLW1d4eWVy0-unsplash-1024x683.jpg\" alt=\"\" class=\"wp-image-282\" srcset=\"https:\/\/emeraldcoastinsurance.net\/wp-content\/uploads\/2022\/02\/togo-rv-XLW1d4eWVy0-unsplash-1024x683.jpg 1024w, https:\/\/emeraldcoastinsurance.net\/wp-content\/uploads\/2022\/02\/togo-rv-XLW1d4eWVy0-unsplash-512x341.jpg 512w, https:\/\/emeraldcoastinsurance.net\/wp-content\/uploads\/2022\/02\/togo-rv-XLW1d4eWVy0-unsplash-768x512.jpg 768w, https:\/\/emeraldcoastinsurance.net\/wp-content\/uploads\/2022\/02\/togo-rv-XLW1d4eWVy0-unsplash-1536x1024.jpg 1536w, https:\/\/emeraldcoastinsurance.net\/wp-content\/uploads\/2022\/02\/togo-rv-XLW1d4eWVy0-unsplash-2048x1365.jpg 2048w, https:\/\/emeraldcoastinsurance.net\/wp-content\/uploads\/2022\/02\/togo-rv-XLW1d4eWVy0-unsplash-18x12.jpg 18w, https:\/\/emeraldcoastinsurance.net\/wp-content\/uploads\/2022\/02\/togo-rv-XLW1d4eWVy0-unsplash-320x213.jpg 320w\" sizes=\"(max-width: 1024px) 100vw, 1024px\" \/><\/figure>\n\n\n\n<h2 class=\"wp-block-heading\" id=\"rv-insurance\">Seguro de casa rodante<\/h2>\n\n\n\n<p>\u00bfTiene una casa rodante o un tr\u00e1iler para llevar a su c\u00f3nyuge y otros miembros de la familia a grandes destinos los fines de semana o d\u00edas festivos? \u00bfTienes una motocicleta que utilizas para practicar un hobby?<\/p>\n\n\n\n<p>Estos veh\u00edculos recreativos son inversiones valiosas, especialmente para las familias que aman permanecer juntas y viajar juntas para vincularse entre s\u00ed. Con una caravana, viajar es m\u00e1s barato. No necesita registrarse en una posada u hotel y pedir comida porque puede hacer todo dentro de su veh\u00edculo como si estuviera en su propia casa.<\/p>\n\n\n\n<p>Emerald Coast Insurance Agency recomienda encarecidamente obtener un seguro de RV para sus veh\u00edculos para protegerlo a usted y a su familia en casos de percances en la carretera u otros accidentes.<\/p>\n\n\n\n<p>Debe saber que su seguro de autom\u00f3vil o de propietario de vivienda no ser\u00e1 suficiente para cubrir art\u00edculos menores como electrodom\u00e9sticos, accesorios y herramientas para plomer\u00eda y carpinter\u00eda en su RV. Pero esta p\u00f3liza de seguro especial para veh\u00edculos recreativos cubrir\u00e1 no solo su veh\u00edculo, sino tambi\u00e9n sus pertenencias personales dentro de su veh\u00edculo en caso de que se las roben mientras viaja. Las p\u00f3lizas est\u00e1ndar normalmente brindan protecci\u00f3n contra robo, inundaci\u00f3n, incendio, da\u00f1o, vandalismo, tormenta de viento, emergencia, colisi\u00f3n con ramas bajas o elevadas y colisi\u00f3n con otro veh\u00edculo.<\/p>\n\n\n\n<div class=\"wp-block-buttons is-layout-flex wp-block-buttons-is-layout-flex\">\n<div class=\"wp-block-button\"><a class=\"wp-block-button__link\" href=\"https:\/\/emeraldcoastinsurance.net\/es\/auto\/\">Consigue una cotizaci\u00f3n<\/a><\/div>\n<\/div>\n<\/div>\n\n\n\n<div class=\"wp-block-column has-black-color has-white-background-color has-text-color has-background is-layout-flow wp-block-column-is-layout-flow\">\n<figure class=\"wp-block-image size-large has-ratio\" style=\"--ratio-width:7;--ratio-height:5;--ratio-focal-x:0.5;--ratio-focal-y:0.5;\"><img decoding=\"async\" width=\"1024\" height=\"683\" src=\"https:\/\/emeraldcoastinsurance.net\/wp-content\/uploads\/2022\/02\/tim-mossholder-sxb8StmTfaw-unsplash-1024x683.jpg\" alt=\"\" class=\"wp-image-283\" srcset=\"https:\/\/emeraldcoastinsurance.net\/wp-content\/uploads\/2022\/02\/tim-mossholder-sxb8StmTfaw-unsplash-1024x683.jpg 1024w, https:\/\/emeraldcoastinsurance.net\/wp-content\/uploads\/2022\/02\/tim-mossholder-sxb8StmTfaw-unsplash-512x341.jpg 512w, https:\/\/emeraldcoastinsurance.net\/wp-content\/uploads\/2022\/02\/tim-mossholder-sxb8StmTfaw-unsplash-768x512.jpg 768w, https:\/\/emeraldcoastinsurance.net\/wp-content\/uploads\/2022\/02\/tim-mossholder-sxb8StmTfaw-unsplash-1536x1024.jpg 1536w, https:\/\/emeraldcoastinsurance.net\/wp-content\/uploads\/2022\/02\/tim-mossholder-sxb8StmTfaw-unsplash-2048x1365.jpg 2048w, https:\/\/emeraldcoastinsurance.net\/wp-content\/uploads\/2022\/02\/tim-mossholder-sxb8StmTfaw-unsplash-18x12.jpg 18w, https:\/\/emeraldcoastinsurance.net\/wp-content\/uploads\/2022\/02\/tim-mossholder-sxb8StmTfaw-unsplash-320x213.jpg 320w\" sizes=\"(max-width: 1024px) 100vw, 1024px\" \/><\/figure>\n\n\n\n<h2 class=\"wp-block-heading\" id=\"liability-insurance\">Seguro de responsabilidad<\/h2>\n\n\n\n<p>\u00bfEres electricista o inform\u00e1tico y corres el riesgo de ser demandado por tus clientes? \u00bfSu negocio est\u00e1 involucrado en la construcci\u00f3n o fabricaci\u00f3n de productos que exponen a los empleados o al p\u00fablico a grandes riesgos? Si es as\u00ed, entonces se requiere cobertura de seguro de responsabilidad civil para usted.<\/p>\n\n\n\n<p>Las personas y empresas que se enfrentan a grandes riesgos necesitan un seguro de responsabilidad civil. Este tipo de seguro tiene como objetivo brindar protecci\u00f3n a terceros no cubiertos por la p\u00f3liza pero que pueden sufrir p\u00e9rdidas por negligencia. Las p\u00f3lizas est\u00e1n disponibles para seguros p\u00fablicos, de productos y de responsabilidad civil del empleador.<\/p>\n\n\n\n<div class=\"wp-block-buttons is-layout-flex wp-block-buttons-is-layout-flex\">\n<div class=\"wp-block-button\"><a class=\"wp-block-button__link\" href=\"https:\/\/emeraldcoastinsurance.net\/es\/liability\/\">Consigue una cotizaci\u00f3n<\/a><\/div>\n<\/div>\n<\/div>\n\n\n\n<div class=\"wp-block-column has-black-color has-light-gray-background-color has-text-color has-background is-layout-flow wp-block-column-is-layout-flow\">\n<div class=\"wp-block-cover is-light\"><span aria-hidden=\"true\" class=\"has-light-gray-background-color wp-block-cover__gradient-background has-background-dim\"><\/span><img decoding=\"async\" width=\"1919\" height=\"2560\" class=\"wp-block-cover__image-background wp-image-292\" alt=\"\" src=\"https:\/\/emeraldcoastinsurance.net\/wp-content\/uploads\/2022\/02\/aaron-burden-11tyGpWHDYM-unsplash_rotate-scaled.jpg\" data-object-fit=\"cover\" srcset=\"https:\/\/emeraldcoastinsurance.net\/wp-content\/uploads\/2022\/02\/aaron-burden-11tyGpWHDYM-unsplash_rotate-scaled.jpg 1919w, https:\/\/emeraldcoastinsurance.net\/wp-content\/uploads\/2022\/02\/aaron-burden-11tyGpWHDYM-unsplash_rotate-384x512.jpg 384w, https:\/\/emeraldcoastinsurance.net\/wp-content\/uploads\/2022\/02\/aaron-burden-11tyGpWHDYM-unsplash_rotate-767x1024.jpg 767w, https:\/\/emeraldcoastinsurance.net\/wp-content\/uploads\/2022\/02\/aaron-burden-11tyGpWHDYM-unsplash_rotate-768x1025.jpg 768w, https:\/\/emeraldcoastinsurance.net\/wp-content\/uploads\/2022\/02\/aaron-burden-11tyGpWHDYM-unsplash_rotate-1151x1536.jpg 1151w, https:\/\/emeraldcoastinsurance.net\/wp-content\/uploads\/2022\/02\/aaron-burden-11tyGpWHDYM-unsplash_rotate-1535x2048.jpg 1535w, https:\/\/emeraldcoastinsurance.net\/wp-content\/uploads\/2022\/02\/aaron-burden-11tyGpWHDYM-unsplash_rotate-9x12.jpg 9w, https:\/\/emeraldcoastinsurance.net\/wp-content\/uploads\/2022\/02\/aaron-burden-11tyGpWHDYM-unsplash_rotate-320x427.jpg 320w\" sizes=\"(max-width: 1919px) 100vw, 1919px\" \/><div class=\"wp-block-cover__inner-container is-layout-flow wp-block-cover-is-layout-flow\">\n<p class=\"has-text-align-center has-large-font-size\"><\/p>\n<\/div><\/div>\n<\/div>\n<\/div>","protected":false},"excerpt":{"rendered":"<p>En la vida, los riesgos siempre est\u00e1n presentes, ya sea dentro de su hogar con su familia, afuera cuando est\u00e1 haciendo negocios, trabajando o conduciendo su autom\u00f3vil. Pero si ocurriera lo inesperado, usted y su familia pueden salvarse de problemas financieros con la protecci\u00f3n necesaria: los servicios de seguros. Emerald Coast Insurance Agency tiene todas sus soluciones de seguros. Nosotros\u2026<\/p>","protected":false},"author":2,"featured_media":888,"parent":0,"menu_order":0,"comment_status":"closed","ping_status":"closed","template":"","meta":{"_acf_changed":false,"_monsterinsights_skip_tracking":false,"_monsterinsights_sitenote_active":false,"_monsterinsights_sitenote_note":"","_monsterinsights_sitenote_category":0,"page_subtitle":"","footnotes":""},"class_list":["post-53","page","type-page","status-publish","has-post-thumbnail","hentry"],"acf":[],"yoast_head":"<!-- This site is optimized with the Yoast SEO plugin v27.3 - https:\/\/yoast.com\/product\/yoast-seo-wordpress\/ -->\n<title>Insurance Services | Emerald Coast Insurance Agency<\/title>\n<meta name=\"description\" content=\"Insurance Services from Emerald Coast Insurance, offering affordable rates on home, auto, liability, and flood insurance.\" \/>\n<meta name=\"robots\" content=\"index, follow, max-snippet:-1, max-image-preview:large, max-video-preview:-1\" \/>\n<link rel=\"canonical\" href=\"https:\/\/emeraldcoastinsurance.net\/es\/services\/\" \/>\n<meta property=\"og:locale\" content=\"es_MX\" \/>\n<meta property=\"og:type\" content=\"article\" \/>\n<meta property=\"og:title\" content=\"Insurance Services | Emerald Coast Insurance Agency\" \/>\n<meta property=\"og:description\" content=\"Insurance Services from Emerald Coast Insurance, offering affordable rates on home, auto, liability, and flood insurance.\" \/>\n<meta property=\"og:url\" content=\"https:\/\/emeraldcoastinsurance.net\/es\/services\/\" \/>\n<meta property=\"og:site_name\" content=\"Emerald Coast Insurance Agency\" \/>\n<meta property=\"article:publisher\" content=\"https:\/\/www.facebook.com\/fwbeci\" \/>\n<meta property=\"article:modified_time\" content=\"2024-09-09T22:33:49+00:00\" \/>\n<meta property=\"og:image\" content=\"https:\/\/emeraldcoastinsurance.net\/wp-content\/uploads\/2023\/12\/ECI-GROUP-SHOT-scaled.jpg\" \/>\n\t<meta property=\"og:image:width\" content=\"2560\" \/>\n\t<meta property=\"og:image:height\" content=\"1707\" \/>\n\t<meta property=\"og:image:type\" content=\"image\/jpeg\" \/>\n<meta name=\"twitter:card\" content=\"summary_large_image\" \/>\n<meta name=\"twitter:label1\" content=\"Tiempo de lectura\" \/>\n\t<meta name=\"twitter:data1\" content=\"5 minutos\" \/>\n<!-- \/ Yoast SEO plugin. -->","yoast_head_json":{"title":"Insurance Services | Emerald Coast Insurance Agency","description":"Insurance Services from Emerald Coast Insurance, offering affordable rates on home, auto, liability, and flood insurance.","robots":{"index":"index","follow":"follow","max-snippet":"max-snippet:-1","max-image-preview":"max-image-preview:large","max-video-preview":"max-video-preview:-1"},"canonical":"https:\/\/emeraldcoastinsurance.net\/es\/services\/","og_locale":"es_MX","og_type":"article","og_title":"Insurance Services | Emerald Coast Insurance Agency","og_description":"Insurance Services from Emerald Coast Insurance, offering affordable rates on home, auto, liability, and flood insurance.","og_url":"https:\/\/emeraldcoastinsurance.net\/es\/services\/","og_site_name":"Emerald Coast Insurance Agency","article_publisher":"https:\/\/www.facebook.com\/fwbeci","article_modified_time":"2024-09-09T22:33:49+00:00","og_image":[{"width":2560,"height":1707,"url":"https:\/\/emeraldcoastinsurance.net\/wp-content\/uploads\/2023\/12\/ECI-GROUP-SHOT-scaled.jpg","type":"image\/jpeg"}],"twitter_card":"summary_large_image","twitter_misc":{"Tiempo de lectura":"5 minutos"},"schema":{"@context":"https:\/\/schema.org","@graph":[{"@type":"WebPage","@id":"https:\/\/emeraldcoastinsurance.net\/services\/","url":"https:\/\/emeraldcoastinsurance.net\/services\/","name":"Insurance Services | Emerald Coast Insurance Agency","isPartOf":{"@id":"https:\/\/emeraldcoastinsurance.net\/#website"},"primaryImageOfPage":{"@id":"https:\/\/emeraldcoastinsurance.net\/services\/#primaryimage"},"image":{"@id":"https:\/\/emeraldcoastinsurance.net\/services\/#primaryimage"},"thumbnailUrl":"https:\/\/emeraldcoastinsurance.net\/wp-content\/uploads\/2023\/12\/ECI-GROUP-SHOT-scaled.jpg","datePublished":"2021-12-02T21:53:19+00:00","dateModified":"2024-09-09T22:33:49+00:00","description":"Insurance Services from Emerald Coast Insurance, offering affordable rates on home, auto, liability, and flood insurance.","breadcrumb":{"@id":"https:\/\/emeraldcoastinsurance.net\/services\/#breadcrumb"},"inLanguage":"es","potentialAction":[{"@type":"ReadAction","target":["https:\/\/emeraldcoastinsurance.net\/services\/"]}]},{"@type":"ImageObject","inLanguage":"es","@id":"https:\/\/emeraldcoastinsurance.net\/services\/#primaryimage","url":"https:\/\/emeraldcoastinsurance.net\/wp-content\/uploads\/2023\/12\/ECI-GROUP-SHOT-scaled.jpg","contentUrl":"https:\/\/emeraldcoastinsurance.net\/wp-content\/uploads\/2023\/12\/ECI-GROUP-SHOT-scaled.jpg","width":2560,"height":1707,"caption":"Emerald Coast Insurance Staff group picture"},{"@type":"BreadcrumbList","@id":"https:\/\/emeraldcoastinsurance.net\/services\/#breadcrumb","itemListElement":[{"@type":"ListItem","position":1,"name":"Home","item":"https:\/\/emeraldcoastinsurance.net\/"},{"@type":"ListItem","position":2,"name":"Insurance Services"}]},{"@type":"WebSite","@id":"https:\/\/emeraldcoastinsurance.net\/#website","url":"https:\/\/emeraldcoastinsurance.net\/","name":"Agencia de Seguros Costa Esmeralda","description":"Independiente y de propiedad local","publisher":{"@id":"https:\/\/emeraldcoastinsurance.net\/#organization"},"potentialAction":[{"@type":"SearchAction","target":{"@type":"EntryPoint","urlTemplate":"https:\/\/emeraldcoastinsurance.net\/?s={search_term_string}"},"query-input":{"@type":"PropertyValueSpecification","valueRequired":true,"valueName":"search_term_string"}}],"inLanguage":"es"},{"@type":"Organization","@id":"https:\/\/emeraldcoastinsurance.net\/#organization","name":"Agencia de Seguros Costa Esmeralda","url":"https:\/\/emeraldcoastinsurance.net\/","logo":{"@type":"ImageObject","inLanguage":"es","@id":"https:\/\/emeraldcoastinsurance.net\/#\/schema\/logo\/image\/","url":"https:\/\/emeraldcoastinsurance.net\/wp-content\/uploads\/2022\/03\/Emerald-Coast-Insurance-Agency-logo-square.png","contentUrl":"https:\/\/emeraldcoastinsurance.net\/wp-content\/uploads\/2022\/03\/Emerald-Coast-Insurance-Agency-logo-square.png","width":2000,"height":2000,"caption":"Emerald Coast Insurance Agency"},"image":{"@id":"https:\/\/emeraldcoastinsurance.net\/#\/schema\/logo\/image\/"},"sameAs":["https:\/\/www.facebook.com\/fwbeci","https:\/\/www.instagram.com\/emerald_coast_ins_agency\/"]}]}},"_links":{"self":[{"href":"https:\/\/emeraldcoastinsurance.net\/es\/wp-json\/wp\/v2\/pages\/53","targetHints":{"allow":["GET"]}}],"collection":[{"href":"https:\/\/emeraldcoastinsurance.net\/es\/wp-json\/wp\/v2\/pages"}],"about":[{"href":"https:\/\/emeraldcoastinsurance.net\/es\/wp-json\/wp\/v2\/types\/page"}],"author":[{"embeddable":true,"href":"https:\/\/emeraldcoastinsurance.net\/es\/wp-json\/wp\/v2\/users\/2"}],"replies":[{"embeddable":true,"href":"https:\/\/emeraldcoastinsurance.net\/es\/wp-json\/wp\/v2\/comments?post=53"}],"version-history":[{"count":1,"href":"https:\/\/emeraldcoastinsurance.net\/es\/wp-json\/wp\/v2\/pages\/53\/revisions"}],"predecessor-version":[{"id":892,"href":"https:\/\/emeraldcoastinsurance.net\/es\/wp-json\/wp\/v2\/pages\/53\/revisions\/892"}],"wp:featuredmedia":[{"embeddable":true,"href":"https:\/\/emeraldcoastinsurance.net\/es\/wp-json\/wp\/v2\/media\/888"}],"wp:attachment":[{"href":"https:\/\/emeraldcoastinsurance.net\/es\/wp-json\/wp\/v2\/media?parent=53"}],"curies":[{"name":"wp","href":"https:\/\/api.w.org\/{rel}","templated":true}]}}