{"id":55,"date":"2021-12-02T15:53:30","date_gmt":"2021-12-02T21:53:30","guid":{"rendered":"https:\/\/emeraldcoastinsurance.net\/?page_id=55"},"modified":"2024-09-09T17:34:55","modified_gmt":"2024-09-09T22:34:55","slug":"overview","status":"publish","type":"page","link":"https:\/\/emeraldcoastinsurance.net\/es\/overview\/","title":{"rendered":"Descripci\u00f3n general del seguro"},"content":{"rendered":"<div class=\"wp-block-cover alignfull is-light has-parallax\" style=\"background-image:url(https:\/\/emeraldcoastinsurance.net\/wp-content\/uploads\/2021\/12\/francesca-tosolini-XcVm8mn7NUM-unsplash-scaled.jpg);min-height:20vw;aspect-ratio:unset;\"><span aria-hidden=\"true\" class=\"has-black-background-color has-background-dim-20 wp-block-cover__gradient-background has-background-dim\"><\/span><div class=\"wp-block-cover__inner-container is-layout-flow wp-block-cover-is-layout-flow\">\n<h2 class=\"has-text-align-center has-white-color has-text-color has-huge-font-size wp-block-heading\" id=\"homeowners-insurance-overview-1\">Descripci\u00f3n general del seguro para propietarios de viviendas<\/h2>\n<\/div><\/div>\n\n\n\n<div class=\"wp-block-group alignfull has-black-color has-light-gray-background-color has-text-color has-background\"><div class=\"wp-block-group__inner-container is-layout-flow wp-block-group-is-layout-flow\">\n<p>El seguro de propietario de vivienda ayuda a pagar la reparaci\u00f3n o reconstrucci\u00f3n de su hogar y reemplaza la propiedad personal debido a una p\u00e9rdida cubierta. Si bien la ley de Florida no exige un seguro de propietario de vivienda, algunas ciudades y condados exigen cobertura de responsabilidad civil si tiene ciertas mascotas o una piscina. La cobertura de responsabilidad paga por lesiones no relacionadas con autom\u00f3viles a otras personas, o da\u00f1os a su propiedad por los cuales usted es legalmente responsable.<\/p>\n\n\n\n<p>Para viviendas hipotecadas, la instituci\u00f3n crediticia requerir\u00e1 una cobertura de seguro total sobre la estructura, incluida la inundaci\u00f3n (si se encuentra en una zona especial), incendio, responsabilidad civil, tormentas de viento, etc. Algunos desarrollos y subdivisiones tambi\u00e9n pueden requerir seguro.<\/p>\n\n\n\n<p>Hay varios tipos de seguros residenciales que incluyen p\u00f3lizas para propietarios de viviendas, condominios, inquilinos y casas m\u00f3viles. Todos estos tipos de seguros brindan cobertura de propiedad y responsabilidad civil. La cobertura de propiedad asegura contra peligros como incendio, viento, granizo, vandalismo y robo. Los riesgos cubiertos dependen del tipo de p\u00f3liza que compre.<\/p>\n\n\n\n<p class=\"has-small-font-size\"><em>Tenga en cuenta que su p\u00f3liza de propietario de vivienda no incluye cobertura contra inundaciones. Si necesita un seguro contra inundaciones, <a href=\"https:\/\/emeraldcoastinsurance.net\/es\/contact\/\">Cont\u00e1ctenos<\/a>.<\/em><\/p>\n\n\n\n<div style=\"height:32px\" aria-hidden=\"true\" class=\"wp-block-spacer\"><\/div>\n\n\n\n<h3 class=\"wp-block-heading\" id=\"special-issues-regarding-homeowner-s-insurance\">Cuestiones especiales relacionadas con el seguro de propietario de vivienda<\/h3>\n\n\n\n<ul class=\"is-style-title wp-block-list\"><li><strong>Costo de reemplazo versus valor real en efectivo:<\/strong><br>El costo de reposici\u00f3n es la cantidad necesaria para reemplazar o reparar su propiedad da\u00f1ada con materiales de tipo y calidad similar, sin deducir la depreciaci\u00f3n (la disminuci\u00f3n en el valor de su hogar o propiedad personal debido al uso y desgaste normal). El valor real en efectivo es la cantidad necesaria para reparar o reemplazar los da\u00f1os a su hogar o propiedad personal despu\u00e9s de la depreciaci\u00f3n. Por ejemplo, la compa\u00f1\u00eda de seguros deducir\u00eda por la edad y condici\u00f3n de un techo de 17 a\u00f1os con una esperanza de vida de 20 a\u00f1os.<\/li><li><strong>Valor de mercado frente a valor de reemplazo:<\/strong><br>Las p\u00f3lizas de seguro de propietario de vivienda a menudo brindan cobertura del costo de reemplazo de la vivienda en caso de p\u00e9rdida. Como tal, las compa\u00f1\u00edas de seguros requieren que los asegurados compren una cantidad de seguro igual al costo de reconstruir la casa utilizando los costos de construcci\u00f3n actuales. Esto es muy diferente del valor de mercado de la casa. El valor de mercado de una casa es la cantidad que valdr\u00eda la casa si la vendiera hoy. Las dos cantidades pueden ser muy diferentes. La mayor\u00eda de las p\u00f3lizas de costo de reposici\u00f3n requieren que usted tenga un cierto porcentaje del valor de reposici\u00f3n (normalmente 80%) en todo momento. Si no tiene la cantidad correcta de cobertura, puede ser responsable de un porcentaje de una p\u00e9rdida parcial. Por ejemplo, si ten\u00eda un l\u00edmite de cobertura de $100,000.00 cuando en realidad la cantidad necesaria para cumplir con los requisitos de la p\u00f3liza es de $200,000.00 y tiene una p\u00e9rdida parcial de $50,000.00, la compa\u00f1\u00eda solo pagar\u00eda $25,000.00 de la p\u00e9rdida parcial que es 50% del reclamo. La f\u00f3rmula utilizada en el ejemplo anterior es el monto del seguro transportado dividido por el monto del seguro necesario, multiplicado por el monto de la p\u00e9rdida, es igual al monto a pagar por la reclamaci\u00f3n por parte de la compa\u00f1\u00eda de seguros.<\/li><li><strong>Gastos Adicionales de Vida (ALE):<\/strong><br>ALE brinda cobertura para los gastos \u201cadicionales\u201d de un asegurado que debe vivir en otro lugar debido a una p\u00e9rdida en la residencia asegurada por un peligro cubierto. Solo paga los gastos razonables de &quot;exceso&quot; (por encima y m\u00e1s all\u00e1 de los gastos normales) hasta que la propiedad sea habitable. La mayor\u00eda de las p\u00f3lizas otorgar\u00e1n ALE cuando una autoridad civil impida el acceso a la vivienda asegurada por da\u00f1os a viviendas vecinas. Dado que los formularios de p\u00f3liza son diferentes de una compa\u00f1\u00eda a otra, siempre debe consultar las disposiciones de su propia p\u00f3liza o agente. <em>Tenga en cuenta: la ley de Florida no exige que las compa\u00f1\u00edas de seguros paguen ALE por adelantado. La compa\u00f1\u00eda de seguros puede exigirle que guarde los recibos y los env\u00ede a la compa\u00f1\u00eda para recibir el pago.<\/em><\/li><li><strong>Moho y Hongos:<\/strong><br>Algunas compa\u00f1\u00edas de seguros excluyen de sus p\u00f3lizas los da\u00f1os causados por moho y hongos. Algunos ofrecen una disposici\u00f3n de recompra y otros limitan la cantidad que pagar\u00e1n. Tenga en cuenta que incluso cuando se proporciona la cobertura, paga los da\u00f1os como resultado de un riesgo cubierto \u00fanicamente. Por ejemplo, la inundaci\u00f3n no es un peligro cubierto por la p\u00f3liza de propietario de vivienda. Por lo tanto, el moho resultante de la inundaci\u00f3n tampoco podr\u00e1 cubrirse.<\/li><li><strong>Cobertura de leyes y ordenanzas:<\/strong><br>Este endoso paga por el cumplimiento de cualquier ley u ordenanza que regule la construcci\u00f3n, reparaci\u00f3n o demolici\u00f3n de un edificio o estructura despu\u00e9s de que haya sufrido da\u00f1os. Por ejemplo, si su hogar solo fue destruido 50% pero su ordenanza local requiere que el 50% restante sea derribado y reconstruido, esta cobertura pagar\u00eda, hasta el monto comprado, para derribar y reconstruir el 50% no da\u00f1ado de su hogar. Las compa\u00f1\u00edas de seguros deben incluir esta cobertura en 25% del l\u00edmite de vivienda y usted debe firmar una renuncia para eliminar la cobertura. Adem\u00e1s del 25%, las compa\u00f1\u00edas de seguros tambi\u00e9n deben ofrecer un l\u00edmite de 50%. Sin embargo, es posible que pueda comprar l\u00edmites adicionales.<\/li><\/ul>\n<\/div><\/div>","protected":false},"excerpt":{"rendered":"<p>El seguro de propietario de vivienda ayuda a pagar la reparaci\u00f3n o reconstrucci\u00f3n de su hogar y reemplazar la propiedad personal debido a una p\u00e9rdida cubierta. Si bien la ley de Florida no exige un seguro de propietario de vivienda, algunas ciudades y condados exigen cobertura de responsabilidad civil si tiene ciertas mascotas o una piscina. La cobertura de responsabilidad paga por lesiones no relacionadas con autom\u00f3viles a otras personas, o da\u00f1os a...<\/p>","protected":false},"author":2,"featured_media":112,"parent":0,"menu_order":0,"comment_status":"closed","ping_status":"closed","template":"","meta":{"_acf_changed":false,"_monsterinsights_skip_tracking":false,"_monsterinsights_sitenote_active":false,"_monsterinsights_sitenote_note":"","_monsterinsights_sitenote_category":0,"page_subtitle":"","footnotes":""},"class_list":["post-55","page","type-page","status-publish","has-post-thumbnail","hentry"],"acf":[],"yoast_head":"<!-- This site is optimized with the Yoast SEO plugin v27.4 - https:\/\/yoast.com\/product\/yoast-seo-wordpress\/ -->\n<title>Insurance Overview | Emerald Coast Insurance Agency<\/title>\n<meta name=\"description\" content=\"Emerald Coast Insurance is an independent insurance agency offering affordable rates on home, auto, liability, and flood insurance.\" \/>\n<meta name=\"robots\" content=\"index, follow, max-snippet:-1, max-image-preview:large, max-video-preview:-1\" \/>\n<link rel=\"canonical\" href=\"https:\/\/emeraldcoastinsurance.net\/es\/overview\/\" \/>\n<meta property=\"og:locale\" content=\"es_MX\" \/>\n<meta property=\"og:type\" content=\"article\" \/>\n<meta property=\"og:title\" content=\"Insurance Overview | Emerald Coast Insurance Agency\" \/>\n<meta property=\"og:description\" content=\"Emerald Coast Insurance is an independent insurance agency offering affordable rates on home, auto, liability, and flood insurance.\" \/>\n<meta property=\"og:url\" content=\"https:\/\/emeraldcoastinsurance.net\/es\/overview\/\" \/>\n<meta property=\"og:site_name\" content=\"Emerald Coast Insurance Agency\" \/>\n<meta property=\"article:publisher\" content=\"https:\/\/www.facebook.com\/fwbeci\" \/>\n<meta property=\"article:modified_time\" content=\"2024-09-09T22:34:55+00:00\" \/>\n<meta property=\"og:image\" content=\"https:\/\/emeraldcoastinsurance.net\/wp-content\/uploads\/2021\/12\/francesca-tosolini-XcVm8mn7NUM-unsplash-scaled.jpg\" \/>\n\t<meta property=\"og:image:width\" content=\"2560\" \/>\n\t<meta property=\"og:image:height\" content=\"1707\" \/>\n\t<meta property=\"og:image:type\" content=\"image\/jpeg\" \/>\n<meta name=\"twitter:card\" content=\"summary_large_image\" \/>\n<meta name=\"twitter:image\" content=\"https:\/\/emeraldcoastinsurance.net\/wp-content\/uploads\/2021\/12\/francesca-tosolini-XcVm8mn7NUM-unsplash-scaled.jpg\" \/>\n<meta name=\"twitter:label1\" content=\"Tiempo de lectura\" \/>\n\t<meta name=\"twitter:data1\" content=\"4 minutos\" \/>\n<!-- \/ Yoast SEO plugin. -->","yoast_head_json":{"title":"Resumen de seguros | Agencia de Seguros Emerald Coast","description":"Emerald Coast Insurance es una agencia de seguros independiente que ofrece tarifas asequibles en seguros de vivienda, autom\u00f3vil, responsabilidad civil e inundaciones.","robots":{"index":"index","follow":"follow","max-snippet":"max-snippet:-1","max-image-preview":"max-image-preview:large","max-video-preview":"max-video-preview:-1"},"canonical":"https:\/\/emeraldcoastinsurance.net\/es\/overview\/","og_locale":"es_MX","og_type":"article","og_title":"Insurance Overview | Emerald Coast Insurance Agency","og_description":"Emerald Coast Insurance is an independent insurance agency offering affordable rates on home, auto, liability, and flood insurance.","og_url":"https:\/\/emeraldcoastinsurance.net\/es\/overview\/","og_site_name":"Emerald Coast Insurance Agency","article_publisher":"https:\/\/www.facebook.com\/fwbeci","article_modified_time":"2024-09-09T22:34:55+00:00","og_image":[{"width":2560,"height":1707,"url":"https:\/\/emeraldcoastinsurance.net\/wp-content\/uploads\/2021\/12\/francesca-tosolini-XcVm8mn7NUM-unsplash-scaled.jpg","type":"image\/jpeg"}],"twitter_card":"summary_large_image","twitter_image":"https:\/\/emeraldcoastinsurance.net\/wp-content\/uploads\/2021\/12\/francesca-tosolini-XcVm8mn7NUM-unsplash-scaled.jpg","twitter_misc":{"Tiempo de lectura":"4 minutos"},"schema":{"@context":"https:\/\/schema.org","@graph":[{"@type":"WebPage","@id":"https:\/\/emeraldcoastinsurance.net\/overview\/","url":"https:\/\/emeraldcoastinsurance.net\/overview\/","name":"Resumen de seguros | Agencia de Seguros Emerald Coast","isPartOf":{"@id":"https:\/\/emeraldcoastinsurance.net\/#website"},"primaryImageOfPage":{"@id":"https:\/\/emeraldcoastinsurance.net\/overview\/#primaryimage"},"image":{"@id":"https:\/\/emeraldcoastinsurance.net\/overview\/#primaryimage"},"thumbnailUrl":"https:\/\/emeraldcoastinsurance.net\/wp-content\/uploads\/2021\/12\/mathieu-DRSI87t94kY-unsplash-scaled.jpg","datePublished":"2021-12-02T21:53:30+00:00","dateModified":"2024-09-09T22:34:55+00:00","description":"Emerald Coast Insurance es una agencia de seguros independiente que ofrece tarifas asequibles en seguros de vivienda, autom\u00f3vil, responsabilidad civil e inundaciones.","breadcrumb":{"@id":"https:\/\/emeraldcoastinsurance.net\/overview\/#breadcrumb"},"inLanguage":"es","potentialAction":[{"@type":"ReadAction","target":["https:\/\/emeraldcoastinsurance.net\/overview\/"]}]},{"@type":"ImageObject","inLanguage":"es","@id":"https:\/\/emeraldcoastinsurance.net\/overview\/#primaryimage","url":"https:\/\/emeraldcoastinsurance.net\/wp-content\/uploads\/2021\/12\/mathieu-DRSI87t94kY-unsplash-scaled.jpg","contentUrl":"https:\/\/emeraldcoastinsurance.net\/wp-content\/uploads\/2021\/12\/mathieu-DRSI87t94kY-unsplash-scaled.jpg","width":2560,"height":1714,"caption":"Florida homes covered by home insurance policy from Emerald Coast Insurance Agency home quote"},{"@type":"BreadcrumbList","@id":"https:\/\/emeraldcoastinsurance.net\/overview\/#breadcrumb","itemListElement":[{"@type":"ListItem","position":1,"name":"Home","item":"https:\/\/emeraldcoastinsurance.net\/"},{"@type":"ListItem","position":2,"name":"Insurance Overview"}]},{"@type":"WebSite","@id":"https:\/\/emeraldcoastinsurance.net\/#website","url":"https:\/\/emeraldcoastinsurance.net\/","name":"Agencia de Seguros Costa Esmeralda","description":"Independiente y de propiedad local","publisher":{"@id":"https:\/\/emeraldcoastinsurance.net\/#organization"},"potentialAction":[{"@type":"SearchAction","target":{"@type":"EntryPoint","urlTemplate":"https:\/\/emeraldcoastinsurance.net\/?s={search_term_string}"},"query-input":{"@type":"PropertyValueSpecification","valueRequired":true,"valueName":"search_term_string"}}],"inLanguage":"es"},{"@type":"Organization","@id":"https:\/\/emeraldcoastinsurance.net\/#organization","name":"Agencia de Seguros Costa Esmeralda","url":"https:\/\/emeraldcoastinsurance.net\/","logo":{"@type":"ImageObject","inLanguage":"es","@id":"https:\/\/emeraldcoastinsurance.net\/#\/schema\/logo\/image\/","url":"https:\/\/emeraldcoastinsurance.net\/wp-content\/uploads\/2022\/03\/Emerald-Coast-Insurance-Agency-logo-square.png","contentUrl":"https:\/\/emeraldcoastinsurance.net\/wp-content\/uploads\/2022\/03\/Emerald-Coast-Insurance-Agency-logo-square.png","width":2000,"height":2000,"caption":"Emerald Coast Insurance Agency"},"image":{"@id":"https:\/\/emeraldcoastinsurance.net\/#\/schema\/logo\/image\/"},"sameAs":["https:\/\/www.facebook.com\/fwbeci","https:\/\/www.instagram.com\/emerald_coast_ins_agency\/"]}]}},"_links":{"self":[{"href":"https:\/\/emeraldcoastinsurance.net\/es\/wp-json\/wp\/v2\/pages\/55","targetHints":{"allow":["GET"]}}],"collection":[{"href":"https:\/\/emeraldcoastinsurance.net\/es\/wp-json\/wp\/v2\/pages"}],"about":[{"href":"https:\/\/emeraldcoastinsurance.net\/es\/wp-json\/wp\/v2\/types\/page"}],"author":[{"embeddable":true,"href":"https:\/\/emeraldcoastinsurance.net\/es\/wp-json\/wp\/v2\/users\/2"}],"replies":[{"embeddable":true,"href":"https:\/\/emeraldcoastinsurance.net\/es\/wp-json\/wp\/v2\/comments?post=55"}],"version-history":[{"count":1,"href":"https:\/\/emeraldcoastinsurance.net\/es\/wp-json\/wp\/v2\/pages\/55\/revisions"}],"predecessor-version":[{"id":893,"href":"https:\/\/emeraldcoastinsurance.net\/es\/wp-json\/wp\/v2\/pages\/55\/revisions\/893"}],"wp:featuredmedia":[{"embeddable":true,"href":"https:\/\/emeraldcoastinsurance.net\/es\/wp-json\/wp\/v2\/media\/112"}],"wp:attachment":[{"href":"https:\/\/emeraldcoastinsurance.net\/es\/wp-json\/wp\/v2\/media?parent=55"}],"curies":[{"name":"wp","href":"https:\/\/api.w.org\/{rel}","templated":true}]}}